{"id":24458,"date":"2025-06-22T22:12:15","date_gmt":"2025-06-22T22:12:15","guid":{"rendered":"http:\/\/staging.ibermusicas.org\/?page_id=24458"},"modified":"2025-06-23T13:21:03","modified_gmt":"2025-06-23T13:21:03","slug":"criar-o-editar-perfil","status":"publish","type":"page","link":"http:\/\/staging.ibermusicas.org\/index.php\/criar-o-editar-perfil\/","title":{"rendered":"Criar o editar perfil"},"content":{"rendered":"\n<div class=\"wp-block-group has-global-padding is-layout-constrained wp-block-group-is-layout-constrained\">\n<div class=\"wp-block-columns alignwide is-layout-flex wp-container-core-columns-is-layout-66fad18a wp-block-columns-is-layout-flex\">\n<div class=\"wp-block-column is-vertically-aligned-top is-layout-flow wp-block-column-is-layout-flow\" style=\"padding-right:var(--wp--preset--spacing--50);flex-basis:40%\">\n<figure class=\"wp-block-image size-full has-custom-border\"><img loading=\"lazy\" decoding=\"async\" width=\"559\" height=\"699\" src=\"http:\/\/staging.ibermusicas.org\/wp-content\/uploads\/2025\/06\/groovelist-login.jpg\" alt=\"\" class=\"wp-image-24451\" style=\"border-style:none;border-width:0px;border-radius:0px\" srcset=\"http:\/\/staging.ibermusicas.org\/wp-content\/uploads\/2025\/06\/groovelist-login.jpg 559w, http:\/\/staging.ibermusicas.org\/wp-content\/uploads\/2025\/06\/groovelist-login-240x300.jpg 240w\" sizes=\"auto, (max-width: 559px) 100vw, 559px\" \/><\/figure>\n\n\n\n<div class=\"wp-block-group is-style-default has-global-padding is-layout-constrained wp-block-group-is-layout-constrained\" style=\"margin-top:-12vw\">\n<figure class=\"wp-block-image alignright size-full is-resized has-custom-border wp-duotone-unset-1\" style=\"margin-right:-5vw;margin-left:-5vw\"><img loading=\"lazy\" decoding=\"async\" width=\"224\" height=\"221\" src=\"http:\/\/staging.ibermusicas.org\/wp-content\/uploads\/2025\/06\/LOGO-SIN-LETRAS-BG_W.jpg\" alt=\"\" class=\"has-border-color wp-image-24452\" style=\"border-color:color-mix(in srgb, currentColor 20%, transparent);border-width:1px;border-radius:0px;width:150px\"\/><\/figure>\n<\/div>\n<\/div>\n\n\n\n<div class=\"wp-block-column is-vertically-aligned-top is-layout-flow wp-block-column-is-layout-flow\" style=\"padding-right:0;padding-left:0;flex-basis:60%\">\n<p class=\"has-medium-font-size\">Devido \u00e0 otimiza\u00e7\u00e3o do site do Iberm\u00fasicas, \u00e9 necess\u00e1rio que os integrantes da nossa comunidade se registrem na plataforma onde realizamos o processamento de dados de nossas convocat\u00f3rias, chamada \u00abGrooveList\u00bb. O perfil que voc\u00ea criar na GrooveList poder\u00e1 ser visualizado no \u00abCat\u00e1logo do Setor Musical\u00bb do Iberm\u00fasicas, e isso lhe dar\u00e1 a possibilidade de participar das convocat\u00f3rias e concursos do Programa. Para isso, voc\u00ea deve selecionar o bot\u00e3o \u201cCriar um perfil\u201d e seguir os passos para se registrar como usu\u00e1rio (nome, e-mail e senha), e depois completar um formul\u00e1rio com os dados e a trajet\u00f3ria do perfil art\u00edstico, profissional, institucional ou empresarial.<\/p>\n\n\n\n<p>Se voc\u00ea j\u00e1 tem um perfil criado na GrooveList, mas que ainda n\u00e3o faz parte do \u00abCat\u00e1logo do Setor Musical\u00bb do Iberm\u00fasicas, deve selecionar o bot\u00e3o \u201cCriar um perfil\u201d e, ap\u00f3s inserir seus dados de usu\u00e1rio da GrooveList, selecionar no passo seguinte o perfil que deseja incluir no \u00abCat\u00e1logo do Setor Musical\u00bb do Iberm\u00fasicas.<\/p>\n\n\n\n<p class=\"has-medium-font-size\">Se voc\u00ea tem um perfil que j\u00e1 faz parte do \u00abCat\u00e1logo do Setor Musical\u00bb do Iberm\u00fasicas e deseja adicionar mais informa\u00e7\u00f5es ou modific\u00e1-las, deve selecionar o bot\u00e3o \u201cEditar um perfil\u201d, inserir seus dados de usu\u00e1rio da GrooveList e seguir os passos seguintes.<\/p>\n\n\n\n<div class=\"wp-block-buttons is-content-justification-center is-layout-flex wp-container-core-buttons-is-layout-a89b3969 wp-block-buttons-is-layout-flex\">\n<div class=\"wp-block-button has-custom-width wp-block-button__width-50\"><a class=\"wp-block-button__link wp-element-button\" href=\"https:\/\/groovelist.co\/login\/356\">Criar perfil<\/a><\/div>\n\n\n\n<div class=\"wp-block-button has-custom-width wp-block-button__width-50\"><a class=\"wp-block-button__link wp-element-button\" href=\"https:\/\/groovelist.co\/\">Editar Perfil<\/a><\/div>\n<\/div>\n<\/div>\n<\/div>\n<\/div>\n","protected":false},"excerpt":{"rendered":"<p>Devido \u00e0 otimiza\u00e7\u00e3o do site do Iberm\u00fasicas, \u00e9 necess\u00e1rio que os integrantes da nossa comunidade se registrem na plataforma onde realizamos o processamento de dados de nossas convocat\u00f3rias, chamada \u00abGrooveList\u00bb. O perfil que voc\u00ea criar na GrooveList poder\u00e1 ser visualizado no \u00abCat\u00e1logo do Setor Musical\u00bb do Iberm\u00fasicas, e isso lhe dar\u00e1 a possibilidade de participar [&hellip;]<\/p>\n","protected":false},"author":12,"featured_media":0,"parent":0,"menu_order":0,"comment_status":"closed","ping_status":"closed","template":"","meta":{"footnotes":""},"class_list":["post-24458","page","type-page","status-publish","hentry"],"lang":"pt","translations":{"pt":24458,"es":24456},"pll_sync_post":[],"post_mailing_queue_ids":[],"_links":{"self":[{"href":"http:\/\/staging.ibermusicas.org\/index.php\/wp-json\/wp\/v2\/pages\/24458","targetHints":{"allow":["GET"]}}],"collection":[{"href":"http:\/\/staging.ibermusicas.org\/index.php\/wp-json\/wp\/v2\/pages"}],"about":[{"href":"http:\/\/staging.ibermusicas.org\/index.php\/wp-json\/wp\/v2\/types\/page"}],"author":[{"embeddable":true,"href":"http:\/\/staging.ibermusicas.org\/index.php\/wp-json\/wp\/v2\/users\/12"}],"replies":[{"embeddable":true,"href":"http:\/\/staging.ibermusicas.org\/index.php\/wp-json\/wp\/v2\/comments?post=24458"}],"version-history":[{"count":4,"href":"http:\/\/staging.ibermusicas.org\/index.php\/wp-json\/wp\/v2\/pages\/24458\/revisions"}],"predecessor-version":[{"id":24536,"href":"http:\/\/staging.ibermusicas.org\/index.php\/wp-json\/wp\/v2\/pages\/24458\/revisions\/24536"}],"wp:attachment":[{"href":"http:\/\/staging.ibermusicas.org\/index.php\/wp-json\/wp\/v2\/media?parent=24458"}],"curies":[{"name":"wp","href":"https:\/\/api.w.org\/{rel}","templated":true}]}}