{"id":8581,"date":"2021-07-20T17:35:57","date_gmt":"2021-07-20T17:35:57","guid":{"rendered":"http:\/\/staging.ibermusicas.org\/?page_id=8581"},"modified":"2025-06-19T21:40:12","modified_gmt":"2025-06-19T21:40:12","slug":"convocatorias-anteriores","status":"publish","type":"page","link":"http:\/\/staging.ibermusicas.org\/index.php\/convocatorias-anteriores\/","title":{"rendered":"Convocatorias anteriores"},"content":{"rendered":"\n<div class=\"wpdt-c\">\n    \n\n    <div class=\"wpDataTables wpDataTablesFilter wpDataTablesWrapper data-t\"\n         data-wpdatatable_id=\"11\">\n        <div id=\"filterBox_table_1\" class=\"wpDataTableFilterBox\">\n                                                                                                        <div class=\"wpDataTableFilterSection\" id=\"table_1_2_filter_sections\">\n                        <label>A\u00f1o:<\/label>\n                        <div id=\"table_1_2_filter\"><\/div>\n                    <\/div>\n                                                                                                                                                                <\/div>\n    <\/div>\n<input type=\"hidden\" id=\"wdtNonceFrontendEdit_11\" name=\"wdtNonceFrontendEdit_11\" value=\"e69473766f\" \/><input type=\"hidden\" name=\"_wp_http_referer\" value=\"\/index.php\/wp-json\/wp\/v2\/pages\/8581\" \/>    <input type=\"hidden\" id=\"table_1_desc\" value='{\"tableId\":\"table_1\",\"tableType\":\"manual\",\"selector\":\"#table_1\",\"responsive\":false,\"editable\":false,\"inlineEditing\":false,\"infoBlock\":false,\"globalSearch\":false,\"showRowsPerPage\":false,\"popoverTools\":false,\"hideBeforeLoad\":false,\"number_format\":1,\"decimalPlaces\":2,\"spinnerSrc\":\"http:\\\/\\\/staging.ibermusicas.org\\\/wp-content\\\/plugins\\\/wpdatatables\\\/assets\\\/\\\/img\\\/spinner.gif\",\"groupingEnabled\":false,\"tableWpId\":\"11\",\"dataTableParams\":{\"sDom\":\"BT\\u003C\\u0027clear\\u0027\\u003Etp\",\"bSortCellsTop\":false,\"bFilter\":true,\"bPaginate\":true,\"aLengthMenu\":[[1,5,10,25,50,100,-1],[1,5,10,25,50,100,\"All\"]],\"iDisplayLength\":25,\"columnDefs\":[{\"sType\":\"formatted-num\",\"wdtType\":\"int\",\"bVisible\":false,\"orderable\":true,\"searchable\":true,\"InputType\":\"text\",\"name\":\"wdt_ID\",\"origHeader\":\"wdt_ID\",\"notNull\":false,\"conditionalFormattingRules\":[],\"className\":\"numdata integer  column-wdt_id\",\"aTargets\":[0]},{\"sType\":\"string\",\"wdtType\":\"string\",\"bVisible\":true,\"orderable\":false,\"searchable\":true,\"InputType\":\"text\",\"name\":\"nombre\",\"origHeader\":\"nombre\",\"notNull\":false,\"conditionalFormattingRules\":[],\"className\":\" column-nombre\",\"aTargets\":[1]},{\"sType\":\"string\",\"wdtType\":\"string\",\"bVisible\":true,\"orderable\":false,\"searchable\":true,\"InputType\":\"text\",\"name\":\"ao\",\"origHeader\":\"ao\",\"notNull\":false,\"conditionalFormattingRules\":[],\"className\":\" column-ao\",\"aTargets\":[2]},{\"sType\":\"string\",\"wdtType\":\"string\",\"bVisible\":true,\"orderable\":false,\"searchable\":true,\"InputType\":\"textarea\",\"name\":\"descripcin\",\"origHeader\":\"descripcin\",\"notNull\":false,\"conditionalFormattingRules\":[],\"className\":\" column-descripcin\",\"aTargets\":[3]},{\"sType\":\"date-custom\",\"wdtType\":\"date\",\"bVisible\":true,\"orderable\":true,\"searchable\":true,\"InputType\":\"date\",\"name\":\"inicio\",\"origHeader\":\"inicio\",\"notNull\":false,\"conditionalFormattingRules\":[],\"className\":\" column-inicio\",\"aTargets\":[4]},{\"sType\":\"date-custom\",\"wdtType\":\"date\",\"bVisible\":true,\"orderable\":false,\"searchable\":true,\"InputType\":\"date\",\"name\":\"trmino\",\"origHeader\":\"trmino\",\"notNull\":false,\"conditionalFormattingRules\":[],\"className\":\" column-trmino\",\"aTargets\":[5]},{\"sType\":\"string\",\"wdtType\":\"link\",\"bVisible\":true,\"orderable\":false,\"searchable\":true,\"InputType\":\"text\",\"name\":\"bases\",\"origHeader\":\"bases\",\"notNull\":false,\"conditionalFormattingRules\":[],\"className\":\" column-bases\",\"aTargets\":[6]}],\"bAutoWidth\":false,\"order\":[[0,\"asc\"]],\"ordering\":false,\"oLanguage\":{\"sProcessing\":\"Procesando...\",\"sLengthMenu\":\"Mostrar _MENU_ registros\",\"sZeroRecords\":\"No se encontraron resultados\",\"sEmptyTable\":\"Ning\\u00fan dato disponible en esta tabla\",\"sInfo\":\"Mostrando registros del _START_ al _END_ de un total de _TOTAL_ registros\",\"sInfoEmpty\":\"Mostrando registros del 0 al 0 de un total de 0 registros\",\"sInfoFiltered\":\"(filtrado de un total de _MAX_ registros)\",\"sInfoPostFix\":\"\",\"sSearch\":\"Buscar:\",\"sUrl\":\"\",\"sInfoThousands\":\",\",\"sLoadingRecords\":\"Cargando...\",\"oPaginate\":{\"sFirst\":\"Primero\",\"sLast\":\"\\u00daltimo\",\"sNext\":\"Siguiente\",\"sPrevious\":\"Anterior\"},\"fnInfoCallback\":null,\"oAria\":{\"sSortAscending\":\": Activar para ordernar la columna de manera ascendente\",\"sSortDescending\":\": Activar para ordernar la columna de manera descendente\"}},\"buttons\":[],\"bProcessing\":false,\"serverSide\":true,\"ajax\":{\"url\":\"http:\\\/\\\/staging.ibermusicas.org\\\/wp-admin\\\/admin-ajax.php?action=get_wdtable&table_id=11\",\"type\":\"POST\"},\"sPaginationType\":\"full_numbers\",\"oSearch\":{\"bSmart\":false,\"bRegex\":false,\"sSearch\":\"\"}},\"tabletWidth\":\"1024\",\"mobileWidth\":\"480\",\"advancedFilterEnabled\":true,\"advancedFilterOptions\":{\"aoColumns\":[{\"type\":\"null\",\"columnType\":\"int\",\"numberOfDecimalPlaces\":\"2\",\"possibleValuesType\":\"read\",\"values\":null,\"origHeader\":\"wdt_ID\",\"displayHeader\":\"wdt_ID\",\"possibleValuesAddEmpty\":false,\"possibleValuesAjax\":-1,\"defaultValue\":\"\",\"exactFiltering\":false,\"filterLabel\":\"\",\"checkboxesInModal\":0,\"linkButtonLabel\":\"\",\"rangeSlider\":false,\"sSelector\":\"#table_1_0_filter\"},{\"type\":\"null\",\"columnType\":\"string\",\"numberOfDecimalPlaces\":\"2\",\"possibleValuesType\":\"read\",\"values\":null,\"origHeader\":\"nombre\",\"displayHeader\":\"Nombre\",\"possibleValuesAddEmpty\":false,\"possibleValuesAjax\":10,\"defaultValue\":\"\",\"exactFiltering\":false,\"filterLabel\":\"\",\"checkboxesInModal\":0,\"linkButtonLabel\":\"\",\"rangeSlider\":false,\"sSelector\":\"#table_1_1_filter\"},{\"type\":\"select\",\"columnType\":\"string\",\"numberOfDecimalPlaces\":\"2\",\"possibleValuesType\":\"read\",\"values\":[{\"value\":\"2012\",\"label\":\"2012\"},{\"value\":\"2013\",\"label\":\"2013\"},{\"value\":\"2014\",\"label\":\"2014\"},{\"value\":\"2015\",\"label\":\"2015\"},{\"value\":\"2016\",\"label\":\"2016\"},{\"value\":\"2017\",\"label\":\"2017\"},{\"value\":\"2018\",\"label\":\"2018\"},{\"value\":\"2019\",\"label\":\"2019\"},{\"value\":\"2020\",\"label\":\"2020\"},{\"value\":\"2021\",\"label\":\"2021\"},{\"value\":\"2022\",\"label\":\"2022\"},{\"value\":\"2023\",\"label\":\"2023\"},{\"value\":\"2024\",\"label\":\"2024\"}],\"origHeader\":\"ao\",\"displayHeader\":\"A\\u00f1o\",\"possibleValuesAddEmpty\":false,\"possibleValuesAjax\":25,\"defaultValue\":\"\",\"exactFiltering\":false,\"filterLabel\":\"A\\u00f1o\",\"checkboxesInModal\":0,\"linkButtonLabel\":\"\",\"rangeSlider\":false,\"sSelector\":\"#table_1_2_filter\"},{\"type\":\"null\",\"columnType\":\"string\",\"numberOfDecimalPlaces\":\"2\",\"possibleValuesType\":\"read\",\"values\":null,\"origHeader\":\"descripcin\",\"displayHeader\":\"Descripci\\u00f3n\",\"possibleValuesAddEmpty\":false,\"possibleValuesAjax\":10,\"defaultValue\":\"\",\"exactFiltering\":false,\"filterLabel\":\"\",\"checkboxesInModal\":0,\"linkButtonLabel\":\"\",\"rangeSlider\":false,\"sSelector\":\"#table_1_3_filter\"},{\"type\":\"null\",\"columnType\":\"date\",\"numberOfDecimalPlaces\":\"2\",\"possibleValuesType\":\"read\",\"values\":null,\"origHeader\":\"inicio\",\"displayHeader\":\"Inicio\",\"possibleValuesAddEmpty\":false,\"possibleValuesAjax\":-1,\"defaultValue\":\"\",\"exactFiltering\":false,\"filterLabel\":\"\",\"checkboxesInModal\":0,\"linkButtonLabel\":\"\",\"rangeSlider\":false,\"sSelector\":\"#table_1_4_filter\"},{\"type\":\"null\",\"columnType\":\"date\",\"numberOfDecimalPlaces\":\"2\",\"possibleValuesType\":\"read\",\"values\":null,\"origHeader\":\"trmino\",\"displayHeader\":\"T\\u00e9rmino\",\"possibleValuesAddEmpty\":false,\"possibleValuesAjax\":-1,\"defaultValue\":\"\",\"exactFiltering\":false,\"filterLabel\":\"\",\"checkboxesInModal\":0,\"linkButtonLabel\":\"\",\"rangeSlider\":false,\"sSelector\":\"#table_1_5_filter\"},{\"type\":\"null\",\"columnType\":\"link\",\"numberOfDecimalPlaces\":\"2\",\"possibleValuesType\":\"read\",\"values\":null,\"origHeader\":\"bases\",\"displayHeader\":\"Bases\",\"possibleValuesAddEmpty\":false,\"possibleValuesAjax\":-1,\"defaultValue\":\"\",\"exactFiltering\":false,\"filterLabel\":\"\",\"checkboxesInModal\":0,\"linkButtonLabel\":\"Descarga las bases\",\"rangeSlider\":false,\"sSelector\":\"#table_1_6_filter\"}],\"bUseColVis\":true},\"filterInForm\":true,\"serverSide\":true,\"autoRefreshInterval\":0,\"processing\":true,\"fnServerData\":true,\"columnsFixed\":0,\"sumFunctionsLabel\":\"\",\"avgFunctionsLabel\":\"\",\"minFunctionsLabel\":\"\",\"maxFunctionsLabel\":\"max\",\"columnsDecimalPlaces\":{\"wdt_ID\":-1,\"nombre\":-1,\"ao\":-1,\"descripcin\":-1,\"inicio\":-1,\"trmino\":-1,\"bases\":-1},\"columnsThousandsSeparator\":{\"wdt_ID\":0},\"sumColumns\":[],\"avgColumns\":[],\"sumAvgColumns\":[],\"timeFormat\":\"h:i A\",\"datepickFormat\":\"dd\\\/mm\\\/yy\",\"cascadeFiltering\":0,\"cascadeFilteringLogic\":\"\",\"hideTableBeforeFiltering\":0,\"showSearchFiltersButton\":0,\"disableSearchFiltersButton\":0}'\/>\n\n    <table id=\"table_1\"\n           class=\"  display nowrap data-t data-t wpDataTable\"\n           style=\"\"\n           data-described-by='table_1_desc'\n           data-wpdatatable_id=\"11\">\n\n        <!-- Table header -->\n        \n<thead>\n<tr>\n                    <th\n                        class=\" wdtheader sort numdata integer \"\n        style=\"\">wdt_ID<\/th>        <th\n        data-class=\"expand\"                class=\" wdtheader \"\n        style=\"\">Nombre<\/th>        <th\n                        class=\" wdtheader \"\n        style=\"\">A\u00f1o<\/th>        <th\n                        class=\" wdtheader \"\n        style=\"\">Descripci\u00f3n<\/th>        <th\n                        class=\" wdtheader sort \"\n        style=\"\">Inicio<\/th>        <th\n                        class=\" wdtheader \"\n        style=\"\">T\u00e9rmino<\/th>        <th\n                        class=\" wdtheader \"\n        style=\"\">Bases<\/th>    <\/tr>\n<\/thead>\n        <!-- \/Table header -->\n\n        <!-- Table body -->\n        \n<tbody>\n        <tr id=\"table_11_row_0\">\n                    <td style=\"\">1<\/td>\n                    <td style=\"\">Ayudas a la movilidad de m\u00fasicas y m\u00fasicos<\/td>\n                    <td style=\"\">2020<\/td>\n                    <td style=\"\">Ayudas a la movilidad de m\u00fasicas y m\u00fasicos, es una convocatoria destinada a apoyar la movilidad y la circulaci\u00f3n de artistas dentro de la regi\u00f3n iberoamericana para participar en festivales, mercados, foros, ferias, conciertos, salas, etc entre el 1 de junio y el 31 de diciembre de 2021. Pueden participar m\u00fasicas y m\u00fasicos solistas, ensambles, grupos, bandas, coros o cualquier otro tipo de formaci\u00f3n de cualquier estilo musical. Se brindar\u00e1 apoyo para la compra de pasajes a\u00e9reos y terrestres por un monto m\u00e1ximo de 7.500 USD (siete mil quinientos d\u00f3lares).<\/td>\n                    <td style=\"\"><\/td>\n                    <td style=\"\"><\/td>\n                    <td style=\"\"><a data-content='Descarga las bases' href='https:\/\/groovelistapplication2.s3.amazonaws.com\/Iberm%C3%BAsicas\/2020\/Bases\/AYUDAS+A+LA+MOVILIDAD+DE+M%C3%9ASICAS+Y+M%C3%9ASICOS+2020.pdf' target='_blank'><button class='btn-main'>Descarga las bases<\/button><\/a><\/td>\n            <\/tr>\n            <tr id=\"table_11_row_1\">\n                    <td style=\"\">2<\/td>\n                    <td style=\"\">Ayudas a festivales, mercados y encuentros para la movilidad de m\u00fasicas y m\u00fasicos<\/td>\n                    <td style=\"\">2020<\/td>\n                    <td style=\"\">Ayudas a Festivales y Encuentros para la movilidad de M\u00fasicas y M\u00fasicos, es una convocatoria destinada a festivales, encuentros, mercados, foros, ferias o salas de conciertos p\u00fablicos o privados, que promuevan la circulaci\u00f3n y el conocimiento de m\u00fasica iberoamericana de todos los g\u00e9neros entre el 1 de junio y el 31 de diciembre de 2021. Se brindar\u00e1 apoyo para la compra de pasajes de las y los artistas musicales invitados, por un monto m\u00e1ximo de 7.500 USD (siete mil quinientos d\u00f3lares).<\/td>\n                    <td style=\"\"><\/td>\n                    <td style=\"\"><\/td>\n                    <td style=\"\"><a data-content='Descarga las bases' href='https:\/\/groovelistapplication2.s3.amazonaws.com\/Iberm%C3%BAsicas\/2020\/Bases\/AYUDAS+A+FESTIVALES%2C+MERCADOS+Y+ENCUENTROS++2020.pdf' target='_blank'><button class='btn-main'>Descarga las bases<\/button><\/a><\/td>\n            <\/tr>\n            <tr id=\"table_11_row_2\">\n                    <td style=\"\">3<\/td>\n                    <td style=\"\">Ayudas al sector musical en modalidad virtual<\/td>\n                    <td style=\"\">2020<\/td>\n                    <td style=\"\">En el marco de la extrema complejidad que ha causado la contingencia de la pandemia para la comunidad en general y para el sector musical en particular, y considerando la dificultad de programar acciones internacionales en el corto plazo ante la cambiante realidad actual, Iberm\u00fasicas reorienta sus objetivos con el fin de seguir brindando herramientas que permitan fortalecer el sector. Siempre con acciones tendientes a fomentar el mercado de trabajo de las m\u00fasicas, m\u00fasicos y el ecosistema musical iberoamericano en su conjunto, Iberm\u00fasicas abre una nueva convocatoria de ayudas al sector musical que busca incentivar la inclusi\u00f3n de todas y todos los agentes de la cadena productiva del sector musical. A partir de esta nueva modalidad virtual, se integran no s\u00f3lo las convocatorias hist\u00f3ricas del Programa como las ayudas para residencias de composici\u00f3n, para residencias en el C.M.M.A.S, para procesos de formaci\u00f3n, sino que adem\u00e1s se invita a dise\u00f1ar y crear innovadoras formas de cooperaci\u00f3n en la investigaci\u00f3n, aproximaci\u00f3n, experimentaci\u00f3n y desarrollo de las m\u00fasicas iberoamericanas.<\/td>\n                    <td style=\"\"><\/td>\n                    <td style=\"\"><\/td>\n                    <td style=\"\"><a data-content='Descarga las bases' href='https:\/\/groovelistapplication2.s3.amazonaws.com\/Iberm%C3%BAsicas\/2020\/Bases\/AYUDAS+AL+SECTOR+MUSICAL+EN+MODALIDAD+VIRTUAL+2020.pdf' target='_blank'><button class='btn-main'>Descarga las bases<\/button><\/a><\/td>\n            <\/tr>\n            <tr id=\"table_11_row_3\">\n                    <td style=\"\">4<\/td>\n                    <td style=\"\">Concurso Chabuca Granda<\/td>\n                    <td style=\"\">2019<\/td>\n                    <td style=\"\">Con el prop\u00f3sito de homenajear a la compositora peruana Chabuca Granda en el centenario de su natalicio, impulsando y promoviendo la creaci\u00f3n de m\u00fasica popular para contribuir as\u00ed\u0301 a la ampliaci\u00f3n del repertorio iberoamericano en sus diferentes g\u00e9neros tradicionales e incentivando estas actividades con plena libertad creativa, IBERMU\u0301SICAS y el MINISTERIO DE CULTURA DE PERU\u0301 presentan el  \u201cConcurso Iberoamericano 100 a\u00f1os del nacimiento de Chabuca Granda \u2013 Creaci\u00f3n de Canci\u00f3n\u201d. A trav\u00e9s de este concurso se premiar\u00e1 la creaci\u00f3n de una canci\u00f3n inspirada en la obra musical de Chabuca Granda con $ 2,500 (dos mil quinientos d\u00f3lares americanos). La obra ganadora ser\u00e1 estrenada por el Conjunto Musical del Ballet Folcl\u00f3rico Nacional de Per\u00fa en el a\u00f1o 2020 en el marco de las celebraciones por los 100 a\u00f1os del natalicio de la artista.<\/td>\n                    <td style=\"\"><\/td>\n                    <td style=\"\"><\/td>\n                    <td style=\"\"><a href='http:\/\/ibermusicas.s3.amazonaws.com\/2020\/04\/06171009\/Concurso-iberoamericano-100-anos-del-nacimiento-de-Chabuca-Granda-Creacion-de-Cancion.pdf' target='_blank'><button class='btn-main'>Descarga las bases<\/button><\/a><\/td>\n            <\/tr>\n            <tr id=\"table_11_row_4\">\n                    <td style=\"\">5<\/td>\n                    <td style=\"\">VII Premio Iberm\u00fasicas a la Creaci\u00f3n de Canciones \u2013 Canciones de la cuarentena<\/td>\n                    <td style=\"\">2020<\/td>\n                    <td style=\"\">Con el prop\u00f3sito de impulsar y promover la creaci\u00f3n de m\u00fasica popular y as\u00ed contribuir a la ampliaci\u00f3n del repertorio iberoamericano en sus diferentes g\u00e9neros, incentivando estas actividades con plena libertad creativa, IBERMU\u0301SICAS presenta el  \u00abVII Premio Iberm\u00fasicas a la Creaci\u00f3n de Canciones \u2013 Canciones de la cuarentena\u201d. Con la intenci\u00f3n de favorecer a un mayor n\u00famero de artistas en un momento en el que el sector necesita de un apoyo a\u00fan m\u00e1s fuerte, se ha establecido que este a\u00f1o sean premiados tres compositores o compositoras por cada uno de los pa\u00edses que integran el Programa con USD 1000 por cada una de las canciones seleccionadas como ganadoras.  A su vez, en el marco de una eventual pol\u00edtica de difusi\u00f3n emanada desde lBERM\u00daSICAS, estas canciones podr\u00e1n ser editadas como parte de su cat\u00e1logo de discos \u201cItinerarios\u201d.<\/td>\n                    <td style=\"\"><\/td>\n                    <td style=\"\"><\/td>\n                    <td style=\"\"><a data-content='Descarga las bases' href='https:\/\/groovelistapplication2.s3.amazonaws.com\/Iberm%C3%BAsicas\/2020\/Bases\/Ibermu%CC%81sicas+Premio+Ibermu%CC%81sicas+a+la+creacio%CC%81n+de+canciones+septima+edicion+2020.pdf' target='_blank'><button class='btn-main'>Descarga las bases<\/button><\/a><\/td>\n            <\/tr>\n            <tr id=\"table_11_row_5\">\n                    <td style=\"\">6<\/td>\n                    <td style=\"\">III Premio Iberm\u00fasicas de Composici\u00f3n para Obra Coral<\/td>\n                    <td style=\"\">2020<\/td>\n                    <td style=\"\">Con el prop\u00f3sito de impulsar y promover la creaci\u00f3n de m\u00fasica coral y contribuir as\u00ed a la ampliaci\u00f3n del repertorio iberoamericano, incentivando estas actividades con plena libertad creativa, IBERMU\u0301SICAS presenta el  \u00abIII Premio Iberm\u00fasicas de Composici\u00f3n para Obra Coral\u00bb. Se trata de un concurso destinado a premiar una obra coral original e in\u00e9dita y est\u00e1 abierto a compositores y compositoras de todo iberoam\u00e9rica.<br><br>El premio consiste en 8.000 d\u00f3lares (ocho mil d\u00f3lares estadounidenses) y su estreno en el transcurso de las temporadas 2021 o 2022, bajo la direcci\u00f3n de la prestigiosa maestra Digna Guerra en Cuba. A su vez, podr\u00e1 ser programada en los distintos pa\u00edses que forman parte de Iberm\u00fasicas durante los dos a\u00f1os siguientes a la premiaci\u00f3n.<\/td>\n                    <td style=\"\"><\/td>\n                    <td style=\"\"><\/td>\n                    <td style=\"\"><a data-content='Descarga las bases' href='https:\/\/groovelistapplication2.s3.amazonaws.com\/Iberm%C3%BAsicas\/2020\/Bases\/Premio+Ibermusicas+de+Composicion+para+Obra+Coral+-+Tercera+edici%C3%B3n+-+2020.pdf' target='_blank'><button class='btn-main'>Descarga las bases<\/button><\/a><\/td>\n            <\/tr>\n            <tr id=\"table_11_row_6\">\n                    <td style=\"\">7<\/td>\n                    <td style=\"\">Ayudas a la movilidad de m\u00fasicas y m\u00fasicos<\/td>\n                    <td style=\"\">2019<\/td>\n                    <td style=\"\">La presente convocatoria tiene por objeto apoyar y fomentar la movilidad de solistas, grupos y ensambles de m\u00fasica de todos los g\u00e9neros, para participar en festivales, encuentros, ferias, mercados, conciertos y muestras que promuevan la circulaci\u00f3n y el conocimiento de la creaci\u00f3n y producci\u00f3n musical iberoamericana \u00fanicamente en los circuitos de la regi\u00f3n. <\/td>\n                    <td style=\"\"><\/td>\n                    <td style=\"\"><\/td>\n                    <td style=\"\"><a href='https:\/\/staging.ibermusicas.org\/wp-content\/uploads\/2020\/04\/Ibermusicas.-Ayudas-a-la-movilidad-de-musicas-y-musicos-2019.pdf' target='_blank'><button class='btn-main'>Descarga las bases<\/button><\/a><\/td>\n            <\/tr>\n            <tr id=\"table_11_row_7\">\n                    <td style=\"\">8<\/td>\n                    <td style=\"\">Ayudas a festivales y encuentros para la movilidad de m\u00fasicas y m\u00fasicos<\/td>\n                    <td style=\"\">2019<\/td>\n                    <td style=\"\">La presente convocatoria tiene por objeto apoyar a festivales, encuentros, ferias, mercados, conciertos y muestras que promuevan la circulaci\u00f3n y conocimiento de grupos, solistas y ensambles de m\u00fasica de todos los g\u00e9neros de los circuitos iberoamericanos. <\/td>\n                    <td style=\"\"><\/td>\n                    <td style=\"\"><\/td>\n                    <td style=\"\"><a href='https:\/\/staging.ibermusicas.org\/wp-content\/uploads\/2020\/04\/Ibermusicas.-Ayudas-a-festivales-y-encuentros-para-la-movilidad-de-musicas-y-musicos-2019.pdf' target='_blank'><button class='btn-main'>Descarga las bases<\/button><\/a><\/td>\n            <\/tr>\n            <tr id=\"table_11_row_8\">\n                    <td style=\"\">9<\/td>\n                    <td style=\"\">Ayudas a compositores para residencias art\u00edsticas<\/td>\n                    <td style=\"\">2019<\/td>\n                    <td style=\"\">La presente convocatoria tiene por objeto apoyar a compositores para la realizaci\u00f3n de residencias para la creaci\u00f3n musical, a fin de incentivar estas actividades con plena libertad creativa.<\/td>\n                    <td style=\"\"><\/td>\n                    <td style=\"\"><\/td>\n                    <td style=\"\"><a href='https:\/\/staging.ibermusicas.org\/wp-content\/uploads\/2020\/04\/Ibermusicas.-Ayudas-a-compositores-para-residencias-artisticas-2019.pdf' target='_blank'><button class='btn-main'>Descarga las bases<\/button><\/a><\/td>\n            <\/tr>\n            <tr id=\"table_11_row_9\">\n                    <td style=\"\">10<\/td>\n                    <td style=\"\">Ayudas a instituciones para residencias art\u00edsticas de compositores<\/td>\n                    <td style=\"\">2019<\/td>\n                    <td style=\"\">La presente convocatoria tiene por objeto apoyar instituciones u organismos \u2013p\u00fablicos o privados- para la organizaci\u00f3n de residencias art\u00edsticas de compositores, a fin de incentivar estas actividades con plena libertad creativa.<\/td>\n                    <td style=\"\"><\/td>\n                    <td style=\"\"><\/td>\n                    <td style=\"\"><a href='https:\/\/staging.ibermusicas.org\/wp-content\/uploads\/2020\/04\/Ibermusicas.-Ayudas-a-instituciones-para-residencias-artisticas-de-compositores-2019.pdf' target='_blank'><button class='btn-main'>Descarga las bases<\/button><\/a><\/td>\n            <\/tr>\n    <\/tbody>        <!-- \/Table body -->\n\n        <!-- Table footer -->\n        \n    <tfoot>\n                <tr style=\"display: none\">\n                            <td\n                class=\"wdtheader sort numdata integer \"\n                style=\"\"><\/td>                <td\n                class=\"wdtheader  \"\n                style=\"\"><\/td>                <td\n                class=\"wdtheader  \"\n                style=\"\">A\u00f1o<\/td>                <td\n                class=\"wdtheader  \"\n                style=\"\"><\/td>                <td\n                class=\"wdtheader sort \"\n                style=\"\"><\/td>                <td\n                class=\"wdtheader  \"\n                style=\"\"><\/td>                <td\n                class=\"wdtheader  \"\n                style=\"\"><\/td>        <\/tr>\n                            <\/tfoot>\n        <!-- \/Table footer -->\n\n    <\/table>\n\n<\/div><style>\n\n#table_1 > tbody > tr > td.column-ao:not(:empty):before,\n                                       \n#table_1 > tbody > tr.row-detail ul li.column-ao span.columnValue:before\n                                            { content: 'A\u00f1o: ' }\n#table_1 > tbody > tr > td.column-inicio:not(:empty):before,\n                                       \n#table_1 > tbody > tr.row-detail ul li.column-inicio span.columnValue:before\n                                            { content: 'Inicio: ' }\n#table_1 > tbody > tr > td.column-trmino:not(:empty):before,\n                                       \n#table_1 > tbody > tr.row-detail ul li.column-trmino span.columnValue:before\n                                            { content: 'T\u00e9rmino: ' }table.wpDataTable td.numdata { text-align: right !important; }\n<\/style>\n\n<style>\n\n\n<\/style>\n\n","protected":false},"excerpt":{"rendered":"","protected":false},"author":1,"featured_media":0,"parent":0,"menu_order":0,"comment_status":"closed","ping_status":"closed","template":"","meta":{"footnotes":""},"class_list":["post-8581","page","type-page","status-publish","hentry"],"lang":"es","translations":{"es":8581,"pt":8577},"pll_sync_post":[],"post_mailing_queue_ids":[],"_links":{"self":[{"href":"http:\/\/staging.ibermusicas.org\/index.php\/wp-json\/wp\/v2\/pages\/8581","targetHints":{"allow":["GET"]}}],"collection":[{"href":"http:\/\/staging.ibermusicas.org\/index.php\/wp-json\/wp\/v2\/pages"}],"about":[{"href":"http:\/\/staging.ibermusicas.org\/index.php\/wp-json\/wp\/v2\/types\/page"}],"author":[{"embeddable":true,"href":"http:\/\/staging.ibermusicas.org\/index.php\/wp-json\/wp\/v2\/users\/1"}],"replies":[{"embeddable":true,"href":"http:\/\/staging.ibermusicas.org\/index.php\/wp-json\/wp\/v2\/comments?post=8581"}],"version-history":[{"count":4,"href":"http:\/\/staging.ibermusicas.org\/index.php\/wp-json\/wp\/v2\/pages\/8581\/revisions"}],"predecessor-version":[{"id":23982,"href":"http:\/\/staging.ibermusicas.org\/index.php\/wp-json\/wp\/v2\/pages\/8581\/revisions\/23982"}],"wp:attachment":[{"href":"http:\/\/staging.ibermusicas.org\/index.php\/wp-json\/wp\/v2\/media?parent=8581"}],"curies":[{"name":"wp","href":"https:\/\/api.w.org\/{rel}","templated":true}]}}